{"id":738,"date":"2021-06-15T21:36:53","date_gmt":"2021-06-15T19:36:53","guid":{"rendered":"https:\/\/formation-imam.fr\/?page_id=738"},"modified":"2021-06-15T21:39:58","modified_gmt":"2021-06-15T19:39:58","slug":"demander-un-rendez-vous","status":"publish","type":"page","link":"https:\/\/formation-imam.fr\/?page_id=738","title":{"rendered":"Demander un rendez vous"},"content":{"rendered":"<section class=\"kc-elm kc-css-197354 kc_row\"><div class=\"kc-row-container  kc-container\"><div class=\"kc-wrap-columns\"><div class=\"kc-elm kc-css-309814 kc_col-sm-5 kc_column kc_col-sm-5\"><div class=\"kc-col-container\"><div class=\"kc-elm kc-css-730102 kc_text_block\"><\/p>\n<p>Merci de faire votre choix selon les dates disponibles :<\/p>\n<p>De lundi \u00e0 jeudi : de 09H \u00e0 12H00<\/p>\n<p>\n<\/div><\/div><\/div><div class=\"kc-elm kc-css-533664 kc_col-sm-7 kc_column kc_col-sm-7\"><div class=\"kc-col-container\"><div class=\"kc-elm kc-css-256466 kc_text_block\"><\/p>\n<p><div class=\"forminator-ui forminator-custom-form forminator-custom-form-718 forminator-design--default  forminator_ajax\" data-forminator-render=\"0\" data-form=\"forminator-module-718\"><\/div>\n<form\n\t\t\t\tid=\"forminator-module-718\"\n\t\t\t\tclass=\"forminator-ui forminator-custom-form forminator-custom-form-718 forminator-design--default  forminator_ajax\"\n\t\t\t\tmethod=\"post\"\n\t\t\t\tdata-forminator-render=\"0\"\n\t\t\t\tdata-form-id=\"718\"\n\t\t\t\t\n\t\t\t\tdata-design=\"default\"\n\t\t\t\t\n\t\t\t\t\n\t\t\t\t\n\t\t\t\tdata-grid=\"open\"\n\t\t\t\t\n\t\t\t\t\n\t\t\t\tstyle=\"display: none;\"\n\t\t\t><\/p>\n<div class=\"forminator-response-message forminator-error\" aria-hidden=\"true\"><\/div>\n<div class=\"forminator-row\">\n<div id=\"text-1\" class=\"forminator-col forminator-col-12 \">\n<div class=\"forminator-field\"><label for=\"forminator-field-text-1\" class=\"forminator-label\">Votre nom et pr\u00e9nom <span class=\"forminator-required\">*<\/span><\/label><input type=\"text\" name=\"text-1\" value=\"\" placeholder=\"Votre nom et pr\u00e9nom\" id=\"forminator-field-text-1\" class=\"forminator-input forminator-name--field\" data-required=\"1\" \/><\/div>\n<\/div>\n<\/div>\n<div class=\"forminator-row\">\n<div id=\"email-1\" class=\"forminator-col forminator-col-12 \">\n<div class=\"forminator-field\"><label for=\"forminator-field-email-1\" class=\"forminator-label\">Votre email <span class=\"forminator-required\">*<\/span><\/label><input type=\"email\" name=\"email-1\" value=\"\" placeholder=\"Votre email\" id=\"forminator-field-email-1\" class=\"forminator-input forminator-email--field\" data-required=\"1\" aria-required=\"true\" \/><\/div>\n<\/div>\n<\/div>\n<div class=\"forminator-row\">\n<div id=\"phone-1\" class=\"forminator-col forminator-col-12 \">\n<div class=\"forminator-field\"><label for=\"forminator-field-phone-1\" class=\"forminator-label\">Votre num\u00e9ro de t\u00e9l\u00e9phone <span class=\"forminator-required\">*<\/span><\/label><input type=\"text\" name=\"phone-1\" value=\"\" placeholder=\"Votre num\u00e9ro de t\u00e9l\u00e9phone\" id=\"forminator-field-phone-1\" class=\"forminator-input forminator-field--phone\" data-required=\"1\" aria-required=\"true\" autocomplete=\"off\" \/><\/div>\n<\/div>\n<\/div>\n<div class=\"forminator-row\">\n<div id=\"textarea-1\" class=\"forminator-col forminator-col-12 \">\n<div class=\"forminator-field\"><label for=\"forminator-field-textarea-1\" class=\"forminator-label\">Votre Message<\/label><textarea name=\"textarea-1\" placeholder=\"Votre Message\" id=\"forminator-field-textarea-1\" class=\"forminator-textarea\" rows=\"6\" style=\"min-height:140px;\" ><\/textarea><\/div>\n<\/div>\n<\/div>\n<div class=\"forminator-row\">\n<div id=\"time-1\" class=\"forminator-col forminator-col-12 \">\n<div class=\"forminator-timepicker\">\n<div class=\"forminator-row\" data-multiple=\"true\">\n<div id=\"time-1-hours \" class=\"forminator-col forminator-col-4\">\n<div class=\"forminator-field\"><label for=\"forminator-field-time-1-hours\" class=\"forminator-label\">Heures<\/label><input type=\"number\" name=\"time-1-hours\" min=\"1\" max=\"12\" placeholder=\"E.g. 08\" id=\"forminator-field-time-1-hours\" class=\"forminator-input\" data-field=\"hours\" value=\"0\" \/><\/div>\n<\/div>\n<div id=\"time-1-minutes\" class=\"forminator-col forminator-col-4\">\n<div class=\"forminator-field\"><label for=\"forminator-field-time-1-minutes\" class=\"forminator-label\">Minutes<\/label><input type=\"number\" min=\"0\" max=\"59\" name=\"time-1-minutes\" placeholder=\"E.g. 00\" id=\"forminator-field-time-1-minutes\" class=\"forminator-input\" data-field=\"minutes\" value=\"0\" \/><\/div>\n<\/div>\n<div class=\"forminator-col forminator-col-4\">\n<div class=\"forminator-field\"><select name=\"time-1-ampm\" id=\"time-1-ampm\" class=\"forminator-select2\" data-field=\"ampm\" data-default-value=\"\"><option value=\"am\" >AM<\/option><option value=\"pm\" >PM<\/option><\/select><\/div>\n<\/div>\n<\/div>\n<\/div>\n<\/div>\n<\/div>\n<div class=\"forminator-row\">\n<div id=\"date-1\" class=\"forminator-col forminator-col-12 \">\n<div class=\"forminator-field\"><label for=\"forminator-field-date-1-picker-69db59a92210f\" class=\"forminator-label\">Date<\/label><\/p>\n<div class=\"forminator-input-with-icon\"><label for=\"forminator-field-date-1-picker-69db59a92210f\"><span class=\"forminator-icon-calendar\" aria-hidden=\"true\"><\/span><\/label><input type=\"text\" size=\"1\" name=\"date-1\" value=\"\" placeholder=\"Choisissez une date\" id=\"forminator-field-date-1-picker-69db59a92210f\" class=\"forminator-input forminator-datepicker\" data-required=\"\" data-format=\"mm\/dd\/yy\" data-restrict-type=\"\" data-restrict=\"\" data-start-year=\"1926\" data-end-year=\"2126\" data-past-dates=\"enable\" data-start-of-week=\"1\" data-start-date=\"\" data-end-date=\"\" data-start-field=\"\" data-end-field=\"\" data-start-offset=\"\" data-end-offset=\"\" data-disable-date=\"\" data-disable-range=\"\" \/><\/div>\n<\/div>\n<\/div>\n<\/div>\n<p><input type=\"hidden\" name=\"referer_url\" value=\"\" \/><\/p>\n<div class=\"forminator-row forminator-row-last\">\n<div class=\"forminator-col\">\n<div class=\"forminator-field\"><button class=\"forminator-button forminator-button-submit theme-btn btn-style-one\">Envoyer votre message<\/button><\/div>\n<\/div>\n<\/div>\n<p><input type=\"hidden\" id=\"forminator_nonce\" name=\"forminator_nonce\" value=\"eba10911b6\" \/><input type=\"hidden\" name=\"_wp_http_referer\" value=\"\/index.php?rest_route=%2Fwp%2Fv2%2Fpages%2F738\" \/><input type=\"hidden\" name=\"form_id\" value=\"718\"><input type=\"hidden\" name=\"page_id\" value=\"738\"><input type=\"hidden\" name=\"form_type\" value=\"default\"><input type=\"hidden\" name=\"current_url\" value=\"https:\/\/formation-imam.fr\/?rest_route=%2Fwp%2Fv2%2Fpages%2F738\"><input type=\"hidden\" name=\"render_id\" value=\"0\"><input type=\"hidden\" name=\"action\" value=\"forminator_submit_form_custom-forms\"><\/form>\n<\/p>\n<p>\n<\/div><\/div><\/div><\/div><\/div><\/section>\n","protected":false},"excerpt":{"rendered":"","protected":false},"author":1,"featured_media":0,"parent":0,"menu_order":0,"comment_status":"closed","ping_status":"closed","template":"","meta":{"footnotes":""},"class_list":["post-738","page","type-page","status-publish","hentry"],"_links":{"self":[{"href":"https:\/\/formation-imam.fr\/index.php?rest_route=\/wp\/v2\/pages\/738","targetHints":{"allow":["GET"]}}],"collection":[{"href":"https:\/\/formation-imam.fr\/index.php?rest_route=\/wp\/v2\/pages"}],"about":[{"href":"https:\/\/formation-imam.fr\/index.php?rest_route=\/wp\/v2\/types\/page"}],"author":[{"embeddable":true,"href":"https:\/\/formation-imam.fr\/index.php?rest_route=\/wp\/v2\/users\/1"}],"replies":[{"embeddable":true,"href":"https:\/\/formation-imam.fr\/index.php?rest_route=%2Fwp%2Fv2%2Fcomments&post=738"}],"version-history":[{"count":4,"href":"https:\/\/formation-imam.fr\/index.php?rest_route=\/wp\/v2\/pages\/738\/revisions"}],"predecessor-version":[{"id":742,"href":"https:\/\/formation-imam.fr\/index.php?rest_route=\/wp\/v2\/pages\/738\/revisions\/742"}],"wp:attachment":[{"href":"https:\/\/formation-imam.fr\/index.php?rest_route=%2Fwp%2Fv2%2Fmedia&parent=738"}],"curies":[{"name":"wp","href":"https:\/\/api.w.org\/{rel}","templated":true}]}}