{"id":420,"date":"2021-06-07T16:58:35","date_gmt":"2021-06-07T14:58:35","guid":{"rendered":"https:\/\/formation-imam.fr\/?page_id=420"},"modified":"2021-06-10T23:11:55","modified_gmt":"2021-06-10T21:11:55","slug":"retrospective","status":"publish","type":"page","link":"https:\/\/formation-imam.fr\/?page_id=420","title":{"rendered":"R\u00e9trospective"},"content":{"rendered":"<p><section class=\"kc-elm kc-css-329833 kc_row\"><div class=\"kc-row-container  kc-container\"><div class=\"kc-wrap-columns\"><div class=\"kc-elm kc-css-450507 kc_col-sm-12 kc_column kc_col-sm-12\"><div class=\"kc-col-container\"><div class=\"kc-elm kc-css-554637 kc_text_block\"><\/p>\n<h2><b>L\u2019ISHN d\u00e9j\u00e0 10 ans d\u2019<\/b><b>existance<\/b><\/h2>\n<p><b>En <\/b>2013, l\u2019Institut des Sciences Humaines Nawawi (ISHN) a vu le jour suite aux<b> constats suivants :<\/b><\/p>\n<ul>\n<li>La difficult\u00e9 de l\u2019acc\u00e8s au savoir concernant les Sciences Islamiques.<\/li>\n<li>L\u2019apprentissage isol\u00e9 \u00e0 partir de livres, conf\u00e9rences, \u00e0 la mosqu\u00e9e ou internet aboutie \u00e0 une connaissance et compr\u00e9hension partielle de l\u2019Islam voir erron\u00e9 !<\/li>\n<li>La majorit\u00e9 des mosqu\u00e9es de France ne proposent pas d\u2019enseignement complet et structur\u00e9. Ces m\u00eames structures sont majoritairement g\u00e9r\u00e9es par une ancienne g\u00e9n\u00e9ration plut\u00f4t arabophone que francophone.<\/li>\n<li>La n\u00e9cessit\u00e9 de produire un discours en phase avec le contexte et incitant \u00e0 la participation, ..<\/li>\n<\/ul>\n<p><b>C\u2019est pour ces diff\u00e9rentes raisons qu\u2019il est primordial de penser \u00e0 une structure de formation sur l\u2019Islam en langue fran\u00e7aise.<\/b><\/p>\n<p><img loading=\"lazy\" decoding=\"async\" class=\"aligncenter wp-image-421 size-large\" src=\"https:\/\/formation-imam.fr\/wp-content\/uploads\/2021\/06\/retrospective1-1024x518.jpg\" alt=\"\" width=\"1024\" height=\"518\" srcset=\"https:\/\/formation-imam.fr\/wp-content\/uploads\/2021\/06\/retrospective1-1024x518.jpg 1024w, https:\/\/formation-imam.fr\/wp-content\/uploads\/2021\/06\/retrospective1-300x152.jpg 300w, https:\/\/formation-imam.fr\/wp-content\/uploads\/2021\/06\/retrospective1-768x388.jpg 768w, https:\/\/formation-imam.fr\/wp-content\/uploads\/2021\/06\/retrospective1-1536x777.jpg 1536w, https:\/\/formation-imam.fr\/wp-content\/uploads\/2021\/06\/retrospective1.jpg 1912w\" sizes=\"auto, (max-width: 1024px) 100vw, 1024px\" \/><\/p>\n<p>\n<\/div><\/div><\/div><\/div><\/div><\/section><section class=\"kc-elm kc-css-951172 kc_row\"><div class=\"kc-row-container  kc-container\"><div class=\"kc-wrap-columns\"><div class=\"kc-elm kc-css-192065 kc_col-sm-12 kc_column kc_col-sm-12\"><div class=\"kc-col-container\"><div class=\"kc-elm kc-css-25807 kc_text_block\"><\/p>\n<p><img loading=\"lazy\" decoding=\"async\" class=\"aligncenter wp-image-424 size-large\" src=\"https:\/\/formation-imam.fr\/wp-content\/uploads\/2021\/06\/retrospective2-1024x532.jpg\" alt=\"\" width=\"1024\" height=\"532\" srcset=\"https:\/\/formation-imam.fr\/wp-content\/uploads\/2021\/06\/retrospective2-1024x532.jpg 1024w, https:\/\/formation-imam.fr\/wp-content\/uploads\/2021\/06\/retrospective2-300x156.jpg 300w, https:\/\/formation-imam.fr\/wp-content\/uploads\/2021\/06\/retrospective2-768x399.jpg 768w, https:\/\/formation-imam.fr\/wp-content\/uploads\/2021\/06\/retrospective2-1536x798.jpg 1536w, https:\/\/formation-imam.fr\/wp-content\/uploads\/2021\/06\/retrospective2.jpg 1893w\" sizes=\"auto, (max-width: 1024px) 100vw, 1024px\" \/><\/p>\n<p>\n<\/div><\/div><\/div><\/div><\/div><\/section><\/p>\n","protected":false},"excerpt":{"rendered":"","protected":false},"author":1,"featured_media":0,"parent":0,"menu_order":0,"comment_status":"closed","ping_status":"closed","template":"","meta":{"footnotes":""},"class_list":["post-420","page","type-page","status-publish","hentry"],"_links":{"self":[{"href":"https:\/\/formation-imam.fr\/index.php?rest_route=\/wp\/v2\/pages\/420","targetHints":{"allow":["GET"]}}],"collection":[{"href":"https:\/\/formation-imam.fr\/index.php?rest_route=\/wp\/v2\/pages"}],"about":[{"href":"https:\/\/formation-imam.fr\/index.php?rest_route=\/wp\/v2\/types\/page"}],"author":[{"embeddable":true,"href":"https:\/\/formation-imam.fr\/index.php?rest_route=\/wp\/v2\/users\/1"}],"replies":[{"embeddable":true,"href":"https:\/\/formation-imam.fr\/index.php?rest_route=%2Fwp%2Fv2%2Fcomments&post=420"}],"version-history":[{"count":11,"href":"https:\/\/formation-imam.fr\/index.php?rest_route=\/wp\/v2\/pages\/420\/revisions"}],"predecessor-version":[{"id":661,"href":"https:\/\/formation-imam.fr\/index.php?rest_route=\/wp\/v2\/pages\/420\/revisions\/661"}],"wp:attachment":[{"href":"https:\/\/formation-imam.fr\/index.php?rest_route=%2Fwp%2Fv2%2Fmedia&parent=420"}],"curies":[{"name":"wp","href":"https:\/\/api.w.org\/{rel}","templated":true}]}}